{"id":2200,"date":"2026-04-13T10:55:46","date_gmt":"2026-04-13T08:55:46","guid":{"rendered":"https:\/\/montbike.es\/?page_id=2200"},"modified":"2026-04-13T14:15:48","modified_gmt":"2026-04-13T12:15:48","slug":"alquiler-trek-powerfly-fs","status":"publish","type":"page","link":"https:\/\/montbike.es\/index.php\/alquiler-trek-powerfly-fs\/","title":{"rendered":"Alquiler Trek Powerfly FS"},"content":{"rendered":"\n<style>\n.galeria_producto {\nwidth:;\n}\n<\/style>\n\n\n\n<div class=\"wp-block-cover has-custom-content-position is-position-top-center\" style=\"margin-top:0;margin-bottom:0;padding-top:0;padding-right:0;padding-bottom:0;padding-left:0;min-height:360px;aspect-ratio:unset;\"><img loading=\"lazy\" decoding=\"async\" width=\"1920\" height=\"1440\" class=\"wp-block-cover__image-background wp-image-2208 size-full\" alt=\"\" src=\"https:\/\/montbike.es\/wp-content\/uploads\/2026\/04\/PowerflyFS4-25-48614-A-Portrait.webp\" data-object-fit=\"cover\" srcset=\"https:\/\/montbike.es\/wp-content\/uploads\/2026\/04\/PowerflyFS4-25-48614-A-Portrait.webp 1920w, https:\/\/montbike.es\/wp-content\/uploads\/2026\/04\/PowerflyFS4-25-48614-A-Portrait-300x225.webp 300w, https:\/\/montbike.es\/wp-content\/uploads\/2026\/04\/PowerflyFS4-25-48614-A-Portrait-1024x768.webp 1024w, https:\/\/montbike.es\/wp-content\/uploads\/2026\/04\/PowerflyFS4-25-48614-A-Portrait-768x576.webp 768w, https:\/\/montbike.es\/wp-content\/uploads\/2026\/04\/PowerflyFS4-25-48614-A-Portrait-1536x1152.webp 1536w, https:\/\/montbike.es\/wp-content\/uploads\/2026\/04\/PowerflyFS4-25-48614-A-Portrait-600x450.webp 600w\" sizes=\"auto, (max-width: 1920px) 100vw, 1920px\" \/><span aria-hidden=\"true\" class=\"wp-block-cover__background has-secondary-background-color has-background-dim-60 has-background-dim\"><\/span><div class=\"wp-block-cover__inner-container is-layout-flow wp-block-cover-is-layout-flow\">\n<div class=\"wp-block-group is-vertical is-content-justification-center is-layout-flex wp-container-core-group-is-layout-91bff295 wp-block-group-is-layout-flex\" style=\"min-height:0px;margin-top:0;margin-bottom:0;padding-top:var(--wp--preset--spacing--60);padding-right:var(--wp--preset--spacing--60);padding-bottom:var(--wp--preset--spacing--60);padding-left:var(--wp--preset--spacing--60)\">\n<div class=\"wp-block-group is-content-justification-right is-nowrap is-layout-flex wp-container-core-group-is-layout-8120fde4 wp-block-group-is-layout-flex\">\n<h2 class=\"wp-block-heading has-text-align-left has-base-color has-text-color has-link-color has-myriad-pro-font-family wp-elements-a482b1b0b491bd797abbd57de879ea58\" style=\"font-size:clamp(2.2rem, 2.2rem + ((1vw - 0.2rem) * 3.273), 4rem);font-style:normal;font-weight:700\">ALQUILER<\/h2>\n\n\n\n<h2 class=\"wp-block-heading has-base-color has-text-color has-link-color has-myriad-pro-font-family wp-elements-388d08c493bf5c65294a93dadb681621\" style=\"font-size:clamp(2.2rem, 2.2rem + ((1vw - 0.2rem) * 3.273), 4rem);font-style:normal;font-weight:300\">BICICLETAS<\/h2>\n<\/div>\n\n\n\n<p class=\"has-text-align-right has-base-color has-text-color has-link-color has-x-large-font-size wp-elements-30cdcad6de2fd493bc1b3aec121d3864\" style=\"font-style:normal;font-weight:300;text-transform:uppercase\">ELECTRICAs<\/p>\n<\/div>\n<\/div><\/div>\n\n\n\n<div class=\"wp-block-group has-global-padding is-layout-constrained wp-block-group-is-layout-constrained\" style=\"padding-top:var(--wp--preset--spacing--40)\">\n<div class=\"wp-block-columns are-vertically-aligned-top is-layout-flex wp-container-core-columns-is-layout-28f84493 wp-block-columns-is-layout-flex\">\n<div class=\"wp-block-column is-vertically-aligned-top is-layout-flow wp-block-column-is-layout-flow\" style=\"padding-right:var(--wp--preset--spacing--30);flex-basis:30%\">\n<div class=\"wp-block-group is-vertical is-content-justification-right is-layout-flex wp-container-core-group-is-layout-7033202d wp-block-group-is-layout-flex\">\n<h2 class=\"wp-block-heading has-text-align-right has-myriad-pro-font-family\" style=\"margin-top:0;margin-bottom:0;font-size:clamp(1.837rem, 1.837rem + ((1vw - 0.2rem) * 2.478), 3.2rem);font-style:normal;font-weight:700;text-transform:uppercase\">TREK<\/h2>\n\n\n\n<h2 class=\"wp-block-heading has-text-align-right has-myriad-pro-font-family has-x-large-font-size\" style=\"margin-top:0;margin-bottom:0;font-style:normal;font-weight:700;text-transform:uppercase\">POWERFLY FS<\/h2>\n\n\n\n<p class=\"has-text-align-right has-myriad-pro-font-family has-large-font-size\" style=\"font-style:normal;font-weight:300\">BOSCH 700Wh <\/p>\n\n\n\n<div class=\"wp-block-buttons is-layout-flex wp-block-buttons-is-layout-flex\" style=\"margin-top:0;margin-bottom:0\">\n<div class=\"wp-block-button\"><a class=\"wp-block-button__link wp-element-button\" href=\"https:\/\/montbike.es\/index.php\/contacto-reservas\/\">RESERVAR<\/a><\/div>\n<\/div>\n<\/div>\n<\/div>\n\n\n\n<div class=\"wp-block-column is-vertically-aligned-top is-layout-flow wp-block-column-is-layout-flow\" style=\"border-top-style:none;border-top-width:0px;border-bottom-width:5px;flex-basis:70%\">\n<div class=\"wp-block-group alignfull has-base-background-color has-background has-global-padding is-layout-constrained wp-container-core-group-is-layout-affacae6 wp-block-group-is-layout-constrained\" style=\"padding-right:0;padding-left:0\">\n<div class=\"wp-block-montbikearan-slider mb-slider galeria_producto\" data-interval=\"5000\" data-autoplay=\"true\"><div class=\"mb-slider-track\"><div class=\"mb-slide is-active\"><img decoding=\"async\" src=\"https:\/\/montbike.es\/wp-content\/uploads\/2026\/04\/PowerflyFS4-25-48614-A-Portrait.webp\" alt=\"\"\/><div class=\"mb-slider-overlay\"><h3><\/h3><p><\/p><\/div><\/div><div class=\"mb-slide\"><img decoding=\"async\" src=\"https:\/\/montbike.es\/wp-content\/uploads\/2026\/04\/PowerflyFS4-25-48614-A-Alt4.webp\" alt=\"\"\/><div class=\"mb-slider-overlay\"><h3><\/h3><p><\/p><\/div><\/div><div class=\"mb-slide\"><img decoding=\"async\" src=\"https:\/\/montbike.es\/wp-content\/uploads\/2026\/04\/PowerflyFS4-25-48614-A-Alt3.webp\" alt=\"\"\/><div class=\"mb-slider-overlay\"><h3><\/h3><p><\/p><\/div><\/div><div class=\"mb-slide\"><img decoding=\"async\" src=\"https:\/\/montbike.es\/wp-content\/uploads\/2026\/04\/PowerflyFS4-25-48614-A-Alt2.webp\" alt=\"\"\/><div class=\"mb-slider-overlay\"><h3><\/h3><p><\/p><\/div><\/div><div class=\"mb-slide\"><img decoding=\"async\" src=\"https:\/\/montbike.es\/wp-content\/uploads\/2026\/04\/PowerflyFS4-25-48614-A-Alt1.webp\" alt=\"\"\/><div class=\"mb-slider-overlay\"><h3><\/h3><p><\/p><\/div><\/div><\/div><button class=\"mb-slider-prev\" type=\"button\" aria-label=\"Anterior\">\u2039<\/button><button class=\"mb-slider-next\" type=\"button\" aria-label=\"Siguiente\">\u203a<\/button><\/div>\n\n\n\n<div class=\"wp-block-columns is-not-stacked-on-mobile has-secondary-color has-tertiary-background-color has-text-color has-background has-link-color wp-elements-c077e46264a3d6d96816bf93daa2e235 is-layout-flex wp-container-core-columns-is-layout-99e8b67e wp-block-columns-is-layout-flex\" style=\"border-bottom-width:5px;margin-top:0;margin-bottom:0;padding-top:var(--wp--preset--spacing--30);padding-right:0;padding-bottom:var(--wp--preset--spacing--30);padding-left:0\">\n<div class=\"wp-block-column is-vertically-aligned-center is-layout-flow wp-block-column-is-layout-flow\" style=\"padding-top:10px;padding-right:10px;padding-bottom:10px;padding-left:10px\">\n<p class=\"has-text-align-right has-myriad-pro-font-family has-medium-font-size\" style=\"font-style:normal;font-weight:300\">MEDIO DIA<\/p>\n\n\n\n<p class=\"has-text-align-right has-myriad-pro-font-family has-large-font-size\" style=\"font-style:normal;font-weight:700\">56\u20ac<\/p>\n<\/div>\n\n\n\n<div class=\"wp-block-column is-layout-flow wp-block-column-is-layout-flow\" style=\"border-left-width:2px;padding-top:10px;padding-right:10px;padding-bottom:10px;padding-left:10px\">\n<p class=\"has-text-align-left has-myriad-pro-font-family has-medium-font-size\" style=\"font-style:normal;font-weight:300\">DIA COMPLETO<\/p>\n\n\n\n<p class=\"has-text-align-left has-myriad-pro-font-family has-large-font-size\" style=\"font-style:normal;font-weight:700\">67\u20ac<\/p>\n<\/div>\n<\/div>\n\n\n\n<div class=\"wp-block-group alignfull has-global-padding is-content-justification-center is-layout-constrained wp-container-core-group-is-layout-a04cdf86 wp-block-group-is-layout-constrained\" style=\"margin-top:0;margin-bottom:0;padding-top:var(--wp--preset--spacing--30);padding-right:var(--wp--style--root--padding-right, var(--wp--custom--gap--horizontal));padding-bottom:calc( 0.5 * var(--wp--style--root--padding-right, var(--wp--custom--gap--horizontal)));padding-left:var(--wp--style--root--padding-left, var(--wp--custom--gap--horizontal))\">\n<div class=\"wp-block-group alignwide has-global-padding is-layout-constrained wp-container-core-group-is-layout-7db9d80f wp-block-group-is-layout-constrained\" style=\"border-top-style:none;border-top-width:0px;padding-right:0;padding-left:0\">\n<div class=\"wp-block-columns alignwide are-vertically-aligned-center is-layout-flex wp-container-core-columns-is-layout-5c8fb865 wp-block-columns-is-layout-flex\" style=\"border-style:none;border-width:0px\">\n<div class=\"wp-block-column is-vertically-aligned-center is-layout-flow wp-block-column-is-layout-flow\">\n<h2 class=\"wp-block-heading has-theme-4-color has-text-color has-link-color has-large-font-size wp-elements-2522f04d5d17485e98becae22759bfd6\">ELECTRONICA<\/h2>\n<\/div>\n\n\n\n<div class=\"wp-block-column is-vertically-aligned-center is-layout-flow wp-block-column-is-layout-flow\" style=\"flex-basis:40%\">\n<p class=\"has-source-serif-pro-font-family has-small-font-size\">Motor Bosch Performance Line CX, y bater\u00eda de 700Wh. Display purion 400.<\/p>\n<\/div>\n<\/div>\n\n\n\n<div style=\"height:calc( 0.25 * var(--wp--style--root--padding-right, var(--wp--custom--gap--horizontal)))\" aria-hidden=\"true\" class=\"wp-block-spacer\"><\/div>\n<\/div>\n\n\n\n<div class=\"wp-block-group alignwide is-layout-flow wp-container-core-group-is-layout-b8c3cf4b wp-block-group-is-layout-flow\" style=\"border-top-width:1px\">\n<div style=\"height:calc( 0.25 * var(--wp--style--root--padding-right, var(--wp--custom--gap--horizontal)))\" aria-hidden=\"true\" class=\"wp-block-spacer\"><\/div>\n\n\n\n<div class=\"wp-block-columns alignwide are-vertically-aligned-center is-layout-flex wp-container-core-columns-is-layout-28f84493 wp-block-columns-is-layout-flex\">\n<div class=\"wp-block-column is-vertically-aligned-center is-layout-flow wp-block-column-is-layout-flow\">\n<h2 class=\"wp-block-heading has-theme-4-color has-text-color has-link-color has-large-font-size wp-elements-2e61757c61ec07f22d7772601f5d07b1\">CAMBIO<\/h2>\n<\/div>\n\n\n\n<div class=\"wp-block-column is-vertically-aligned-center is-layout-flow wp-block-column-is-layout-flow\" style=\"flex-basis:40%\">\n<p class=\"has-text-align-left has-source-serif-pro-font-family has-small-font-size\">Grupo Shimano CUES LG300, desarrollo de 11-48 y 10 velocidades.<\/p>\n<\/div>\n<\/div>\n\n\n\n<div style=\"height:calc( 0.25 * var(--wp--style--root--padding-right, var(--wp--custom--gap--horizontal)))\" aria-hidden=\"true\" class=\"wp-block-spacer\"><\/div>\n<\/div>\n\n\n\n<div class=\"wp-block-group alignwide has-global-padding is-layout-constrained wp-container-core-group-is-layout-7db9d80f wp-block-group-is-layout-constrained\" style=\"border-top-width:1px;padding-right:0;padding-left:0\">\n<div style=\"height:calc( 0.25 * var(--wp--style--root--padding-right, var(--wp--custom--gap--horizontal)))\" aria-hidden=\"true\" class=\"wp-block-spacer\"><\/div>\n\n\n\n<div class=\"wp-block-columns alignwide are-vertically-aligned-center is-layout-flex wp-container-core-columns-is-layout-5c8fb865 wp-block-columns-is-layout-flex\">\n<div class=\"wp-block-column is-vertically-aligned-center is-layout-flow wp-block-column-is-layout-flow\">\n<h2 class=\"wp-block-heading has-theme-4-color has-text-color has-link-color has-large-font-size wp-elements-645f3f1b276c8aa2df8ba7f88592a57e\">SUSPENSIONES<\/h2>\n<\/div>\n\n\n\n<div class=\"wp-block-column is-vertically-aligned-center is-layout-flow wp-block-column-is-layout-flow\" style=\"flex-basis:40%\">\n<p class=\"has-text-align-left has-source-serif-pro-font-family has-small-font-size\">RockShox Recon Silver RL y RockShox Deluxe Select R.<\/p>\n<\/div>\n<\/div>\n\n\n\n<div style=\"height:calc( 0.25 * var(--wp--style--root--padding-right, var(--wp--custom--gap--horizontal)))\" aria-hidden=\"true\" class=\"wp-block-spacer\"><\/div>\n<\/div>\n\n\n\n<div class=\"wp-block-group alignwide is-layout-flow wp-block-group-is-layout-flow\" style=\"border-top-width:1px\">\n<div style=\"height:calc( 0.25 * var(--wp--style--root--padding-right, var(--wp--custom--gap--horizontal)))\" aria-hidden=\"true\" class=\"wp-block-spacer\"><\/div>\n\n\n\n<div class=\"wp-block-columns alignwide are-vertically-aligned-center is-layout-flex wp-container-core-columns-is-layout-28f84493 wp-block-columns-is-layout-flex\">\n<div class=\"wp-block-column is-vertically-aligned-center is-layout-flow wp-block-column-is-layout-flow\" style=\"border-radius:0px\">\n<div class=\"wp-block-group is-nowrap is-layout-flex wp-container-core-group-is-layout-f66f9956 wp-block-group-is-layout-flex\">\n<h2 class=\"wp-block-heading has-theme-4-color has-text-color has-link-color has-large-font-size wp-elements-5886402d3b5aa7d6c876c1ba1607232d\">OTROS<\/h2>\n<\/div>\n<\/div>\n\n\n\n<div class=\"wp-block-column is-vertically-aligned-center is-layout-flow wp-block-column-is-layout-flow\" style=\"flex-basis:40%\">\n<p class=\"has-text-align-left has-source-serif-pro-font-family has-small-font-size\">Tija telescopica de 150mm, frenos tektro de 4 pistones.<\/p>\n<\/div>\n<\/div>\n\n\n\n<div style=\"height:calc( 0.25 * var(--wp--style--root--padding-right, var(--wp--custom--gap--horizontal)))\" aria-hidden=\"true\" class=\"wp-block-spacer\"><\/div>\n<\/div>\n\n\n\n<div style=\"height:calc( 0.25 * var(--wp--style--root--padding-right, var(--wp--custom--gap--horizontal)))\" aria-hidden=\"true\" class=\"wp-block-spacer\"><\/div>\n\n\n\n<p class=\"has-source-serif-pro-font-family has-small-font-size\" style=\"padding-top:var(--wp--preset--spacing--40);font-style:normal;font-weight:400\">La Powerfly FS+ 4 es una bicicleta el\u00e9ctrica de monta\u00f1a con doble suspensi\u00f3n dise\u00f1ada para largas jornadas por los senderos y aventuras alpinas. Su robusto cuadro de aluminio y la suspensi\u00f3n RockShox de 130 mm delante y 120 mm detr\u00e1s suavizan los terrenos m\u00e1s irregulares, mientras que la transmisi\u00f3n Shimano CUES de 10 velocidades garantiza un cambio sencillo. Los frenos Tektro de 4 pistones te proporcionan una potencia de frenado fiable sin que tu presupuesto se dispare.<\/p>\n\n\n\n<div class=\"wp-block-buttons is-content-justification-center is-layout-flex wp-container-core-buttons-is-layout-a3e051fa wp-block-buttons-is-layout-flex\" style=\"margin-top:0;margin-bottom:0;padding-top:var(--wp--preset--spacing--30);padding-bottom:var(--wp--preset--spacing--30)\">\n<div class=\"wp-block-button\"><a class=\"wp-block-button__link wp-element-button\" href=\"https:\/\/montbike.es\/index.php\/contacto-reservas\/\">RESERVAR<\/a><\/div>\n<\/div>\n\n\n\n<p class=\"has-text-align-center has-source-serif-pro-font-family has-small-font-size\" style=\"padding-top:0;font-style:normal;font-weight:400\">REALIZA TU RESERVA POR TELEFONO <\/p>\n\n\n\n<p class=\"has-text-align-center has-source-serif-pro-font-family has-large-font-size\" style=\"padding-top:0;padding-bottom:var(--wp--preset--spacing--30);font-style:normal;font-weight:400\">(+34) 973 642 820<\/p>\n<\/div>\n<\/div>\n<\/div>\n<\/div>\n<\/div>\n","protected":false},"excerpt":{"rendered":"<p>TREK POWERFLY FS BOSCH 700Wh MEDIO DIA 56\u20ac DIA COMPLETO 67\u20ac ELECTRONICA Motor Bosch Performance Line CX, y bater\u00eda de 700Wh. Display purion 400. CAMBIO Grupo Shimano CUES LG300, desarrollo de 11-48 y 10 velocidades. SUSPENSIONES RockShox Recon Silver RL y RockShox Deluxe Select R. OTROS Tija telescopica de 150mm, frenos tektro de 4 pistones. [&hellip;]<\/p>\n","protected":false},"author":1,"featured_media":0,"parent":0,"menu_order":0,"comment_status":"closed","ping_status":"closed","template":"","meta":{"footnotes":""},"class_list":["post-2200","page","type-page","status-publish","hentry"],"_links":{"self":[{"href":"https:\/\/montbike.es\/index.php\/wp-json\/wp\/v2\/pages\/2200","targetHints":{"allow":["GET"]}}],"collection":[{"href":"https:\/\/montbike.es\/index.php\/wp-json\/wp\/v2\/pages"}],"about":[{"href":"https:\/\/montbike.es\/index.php\/wp-json\/wp\/v2\/types\/page"}],"author":[{"embeddable":true,"href":"https:\/\/montbike.es\/index.php\/wp-json\/wp\/v2\/users\/1"}],"replies":[{"embeddable":true,"href":"https:\/\/montbike.es\/index.php\/wp-json\/wp\/v2\/comments?post=2200"}],"version-history":[{"count":101,"href":"https:\/\/montbike.es\/index.php\/wp-json\/wp\/v2\/pages\/2200\/revisions"}],"predecessor-version":[{"id":2325,"href":"https:\/\/montbike.es\/index.php\/wp-json\/wp\/v2\/pages\/2200\/revisions\/2325"}],"wp:attachment":[{"href":"https:\/\/montbike.es\/index.php\/wp-json\/wp\/v2\/media?parent=2200"}],"curies":[{"name":"wp","href":"https:\/\/api.w.org\/{rel}","templated":true}]}}