{"id":1933,"date":"2026-02-13T11:57:48","date_gmt":"2026-02-13T10:57:48","guid":{"rendered":"https:\/\/montbike.es\/?page_id=1933"},"modified":"2026-04-20T15:52:28","modified_gmt":"2026-04-20T13:52:28","slug":"rutas-guiadas-aventura-mtb-varrados","status":"publish","type":"page","link":"https:\/\/montbike.es\/index.php\/rutas-guiadas-aventura-mtb-varrados\/","title":{"rendered":"Rutas guiadas \u2013 Aventura \/ MTB &#8211; Varrados"},"content":{"rendered":"\n<div class=\"wp-block-cover has-custom-content-position is-position-top-center\" style=\"margin-top:0;margin-bottom:var(--wp--preset--spacing--40);padding-top:0;padding-right:0;padding-bottom:0;padding-left:0;min-height:239px;aspect-ratio:unset;\"><img loading=\"lazy\" decoding=\"async\" width=\"569\" height=\"700\" class=\"wp-block-cover__image-background wp-image-1162 size-full\" alt=\"\" src=\"https:\/\/montbike.es\/wp-content\/uploads\/2026\/01\/rutas-guiadas-fotos-rutas-3.jpg\" data-object-fit=\"cover\" srcset=\"https:\/\/montbike.es\/wp-content\/uploads\/2026\/01\/rutas-guiadas-fotos-rutas-3.jpg 569w, https:\/\/montbike.es\/wp-content\/uploads\/2026\/01\/rutas-guiadas-fotos-rutas-3-244x300.jpg 244w\" sizes=\"auto, (max-width: 569px) 100vw, 569px\" \/><span aria-hidden=\"true\" class=\"wp-block-cover__background has-secondary-background-color has-background-dim-70 has-background-dim\"><\/span><div class=\"wp-block-cover__inner-container is-layout-flow wp-block-cover-is-layout-flow\">\n<div class=\"wp-block-group is-vertical is-content-justification-center is-layout-flex wp-container-core-group-is-layout-91bff295 wp-block-group-is-layout-flex\" style=\"min-height:0px;margin-top:0;margin-bottom:0;padding-top:var(--wp--preset--spacing--60);padding-right:var(--wp--preset--spacing--60);padding-bottom:var(--wp--preset--spacing--60);padding-left:var(--wp--preset--spacing--60)\">\n<div class=\"wp-block-group is-content-justification-right is-nowrap is-layout-flex wp-container-core-group-is-layout-8120fde4 wp-block-group-is-layout-flex\">\n<h2 class=\"wp-block-heading has-text-align-left has-base-color has-text-color has-link-color has-myriad-pro-font-family wp-elements-fc60f6ebbe1958c3d86c282f13e5aaf3\" style=\"font-size:clamp(2.2rem, 2.2rem + ((1vw - 0.2rem) * 3.273), 4rem);font-style:normal;font-weight:700\">VARRADOS<\/h2>\n<\/div>\n\n\n\n<p class=\"has-text-align-right has-base-color has-text-color has-link-color has-x-large-font-size wp-elements-5a751958a6ff076b5c28f9bae95584cb\" style=\"font-style:normal;font-weight:300;text-transform:uppercase\">AVENTURA \/ MTB<\/p>\n<\/div>\n\n\n\n<div class=\"wp-block-group has-global-padding is-layout-constrained wp-container-core-group-is-layout-6b6cf752 wp-block-group-is-layout-constrained\" style=\"padding-right:var(--wp--preset--spacing--80);padding-left:var(--wp--preset--spacing--80)\">\n<div class=\"wp-block-columns are-vertically-aligned-center rutas-guiadas-iconos has-contrast-color has-tertiary-background-color has-text-color has-background has-link-color has-myriad-pro-font-family wp-elements-e04c537137f52c84fa33f71dc21f6977 is-layout-flex wp-container-core-columns-is-layout-13880e78 wp-block-columns-is-layout-flex\" style=\"padding-top:0;padding-right:0;padding-bottom:0;padding-left:0;font-size:0.8rem;font-style:normal;font-weight:600;text-transform:uppercase\">\n<div class=\"wp-block-column is-vertically-aligned-center rutas-guiadas-icono1 is-layout-flow wp-block-column-is-layout-flow\" style=\"padding-top:0;padding-bottom:0;flex-basis:33%\">\n<p class=\"has-text-align-center\" style=\"padding-top:5px;padding-bottom:5px\">Distancia: 28KM<\/p>\n<\/div>\n\n\n\n<div class=\"wp-block-column is-vertically-aligned-center rutas-guiadas-icono2 is-layout-flow wp-block-column-is-layout-flow\" style=\"flex-basis:33%\">\n<p class=\"has-text-align-center\" style=\"padding-top:5px;padding-bottom:5px\">Dificultad: Baja<\/p>\n<\/div>\n\n\n\n<div class=\"wp-block-column is-vertically-aligned-center rutas-guiadas-icono3 is-layout-flow wp-block-column-is-layout-flow\" style=\"flex-basis:33%\">\n<p class=\"has-text-align-center\" style=\"padding-top:5px;padding-bottom:5px\">Duracion: 5h<\/p>\n<\/div>\n<\/div>\n<\/div>\n<\/div><\/div>\n\n\n\n<div class=\"wp-block-group alignfull has-global-padding is-layout-constrained wp-block-group-is-layout-constrained\">\n<div class=\"wp-block-group alignfull is-layout-flow wp-block-group-is-layout-flow\" style=\"padding-top:0vw;padding-right:17vw;padding-bottom:0vw;padding-left:17vw\">\n<div class=\"wp-block-group is-vertical is-content-justification-left is-nowrap is-layout-flex wp-container-core-group-is-layout-cddbaa87 wp-block-group-is-layout-flex\" style=\"padding-right:0;padding-left:0\">\n<h6 class=\"wp-block-heading has-text-color\" id=\"ecosystem\" style=\"color:#000000;font-size:clamp(14px, 0.875rem + ((1vw - 3.2px) * 0.227), 16px);\"><a href=\"https:\/\/montbike.es\/index.php\/rutas-guiadas\/\" data-type=\"link\" data-id=\"https:\/\/montbike.es\/index.php\/rutas-guiadas\/\">RUTAS GUIADAS<\/a> \/ CULTURAL \/ VILLAS FLORIDAS<\/h6>\n\n\n\n<p class=\"has-text-align-left has-text-color has-myriad-pro-font-family\" style=\"color:#000000;font-size:clamp(1.837rem, 1.837rem + ((1vw - 0.2rem) * 2.478), 3.2rem);font-style:normal;font-weight:700;letter-spacing:0px;line-height:0.9;text-decoration:none;text-transform:none\">Un tiempo positivo.<\/p>\n<\/div>\n\n\n\n<div style=\"height:39px\" aria-hidden=\"true\" class=\"wp-block-spacer\"><\/div>\n\n\n\n<div class=\"wp-block-group alignwide is-vertical is-nowrap is-layout-flex wp-container-core-group-is-layout-70a3be18 wp-block-group-is-layout-flex\" style=\"border-style:none;border-width:0px;margin-top:0;margin-bottom:var(--wp--preset--spacing--30);padding-top:var(--wp--preset--spacing--30);padding-right:0;padding-bottom:var(--wp--preset--spacing--30);padding-left:0\">\n<div class=\"wp-block-columns alignwide is-layout-flex wp-container-core-columns-is-layout-4b1bac62 wp-block-columns-is-layout-flex\" style=\"margin-top:0;margin-bottom:0\">\n<div class=\"wp-block-column is-layout-flow wp-block-column-is-layout-flow\" style=\"flex-basis:33.38%\">\n<p class=\"has-text-color has-source-serif-pro-font-family has-small-font-size\" style=\"color:#000000\">Descubre una de las rutas m\u00e1s emblem\u00e1ticas del Valle de Ar\u00e1n con nuestra salida guiada al Collado de Varrad\u00f2s, la pista m\u00e1s alta del valle y un aut\u00e9ntico balc\u00f3n natural sobre los Pirineos.<\/p>\n\n\n\n<p class=\"has-text-color has-source-serif-pro-font-family has-small-font-size\" style=\"color:#000000\"><\/p>\n<\/div>\n\n\n\n<div class=\"wp-block-column is-layout-flow wp-block-column-is-layout-flow\" style=\"flex-basis:33%\">\n<figure class=\"wp-block-image size-large\"><img loading=\"lazy\" decoding=\"async\" width=\"737\" height=\"1024\" src=\"https:\/\/montbike.es\/wp-content\/uploads\/2026\/01\/IMG_3495-737x1024.jpg\" alt=\"\" class=\"wp-image-1296\" srcset=\"https:\/\/montbike.es\/wp-content\/uploads\/2026\/01\/IMG_3495-737x1024.jpg 737w, https:\/\/montbike.es\/wp-content\/uploads\/2026\/01\/IMG_3495-216x300.jpg 216w, https:\/\/montbike.es\/wp-content\/uploads\/2026\/01\/IMG_3495-768x1066.jpg 768w, https:\/\/montbike.es\/wp-content\/uploads\/2026\/01\/IMG_3495-1106x1536.jpg 1106w, https:\/\/montbike.es\/wp-content\/uploads\/2026\/01\/IMG_3495-1475x2048.jpg 1475w, https:\/\/montbike.es\/wp-content\/uploads\/2026\/01\/IMG_3495-600x833.jpg 600w, https:\/\/montbike.es\/wp-content\/uploads\/2026\/01\/IMG_3495-scaled.jpg 1844w\" sizes=\"auto, (max-width: 737px) 100vw, 737px\" \/><\/figure>\n<\/div>\n\n\n\n<div class=\"wp-block-column is-layout-flow wp-block-column-is-layout-flow\" style=\"flex-basis:33.62%\">\n<figure class=\"wp-block-image size-large\"><img decoding=\"async\" src=\"https:\/\/s.w.org\/images\/core\/5.8\/outside-01.jpg\" alt=\"La puesta de sol a trav\u00e9s de un denso bosque.\"\/><\/figure>\n<\/div>\n<\/div>\n\n\n\n<div class=\"wp-block-columns alignwide is-layout-flex wp-container-core-columns-is-layout-674c6be3 wp-block-columns-is-layout-flex\" style=\"border-top-width:10px;border-bottom-width:10px;margin-top:0;margin-bottom:0;padding-top:0px;padding-right:0px;padding-bottom:0px;padding-left:0px;box-shadow:none\">\n<div class=\"wp-block-column is-layout-flow wp-block-column-is-layout-flow\">\n<figure style=\"margin-top:0;margin-right:0;margin-bottom:0;margin-left:0;padding-right:0;padding-left:0\" class=\"wp-block-video\"><video height=\"2160\" style=\"aspect-ratio: 3840 \/ 2160;\" width=\"3840\" autoplay loop muted src=\"https:\/\/montbike.es\/wp-content\/uploads\/2026\/01\/9866920-uhd_3840_2160_30fps.mp4\" playsinline><\/video><\/figure>\n<\/div>\n<\/div>\n<\/div>\n<\/div>\n\n\n\n<div style=\"height:49px\" aria-hidden=\"true\" class=\"wp-block-spacer\"><\/div>\n\n\n\n<div class=\"wp-block-columns alignwide is-layout-flex wp-container-core-columns-is-layout-549b0c86 wp-block-columns-is-layout-flex\">\n<div class=\"wp-block-column is-layout-flow wp-block-column-is-layout-flow\">\n<p class=\"is-service-description has-source-serif-pro-font-family has-small-font-size\">La aventura comienza atravesando el entorno de Aubert, pedaleando por carreteras y pistas tranquilas que van ganando altura progresivamente, permitiendo disfrutar del paisaje sin exigencias t\u00e9cnicas. A medida que ascendemos, el entorno se vuelve cada vez m\u00e1s salvaje y espectacular, con vistas abiertas a los valles y cumbres que rodean la zona.<\/p>\n<\/div>\n\n\n\n<div class=\"wp-block-column is-layout-flow wp-block-column-is-layout-flow\">\n<p class=\"is-service-description has-source-serif-pro-font-family has-small-font-size\">El punto culminante de la ruta es el Collado de Varrad\u00f2s, un lugar \u00fanico por su altitud y su sensaci\u00f3n de aislamiento, donde la monta\u00f1a se muestra en su m\u00e1xima expresi\u00f3n. Es un punto perfecto para parar, respirar y disfrutar de una de las vistas m\u00e1s impresionantes del Pirineo aran\u00e9s.<\/p>\n\n\n\n<p class=\"is-service-description has-source-serif-pro-font-family has-small-font-size\">En el retorno, la ruta nos lleva por Bagergue, considerado el pueblo habitado m\u00e1s alto de Espa\u00f1a, un lugar con un encanto especial que conserva toda la esencia tradicional del valle.<br><\/p>\n\n\n\n<p><\/p>\n<\/div>\n<\/div>\n\n\n\n<div class=\"wp-block-group alignfull has-global-padding is-content-justification-center is-layout-constrained wp-container-core-group-is-layout-7852ec8b wp-block-group-is-layout-constrained\" style=\"margin-top:var(--wp--preset--spacing--40);margin-bottom:var(--wp--preset--spacing--40);padding-top:0px;padding-right:0px;padding-bottom:0px;padding-left:0px\">\n<div style=\"height:calc( 0.25 * var(--wp--style--root--padding-right, var(--wp--custom--gap--horizontal)))\" aria-hidden=\"true\" class=\"wp-block-spacer\"><\/div>\n\n\n\n<div class=\"wp-block-group alignwide has-global-padding is-layout-constrained wp-container-core-group-is-layout-7db9d80f wp-block-group-is-layout-constrained\" style=\"border-top-color:var(--wp--preset--color--theme-4);border-top-width:1px;padding-right:0;padding-left:0\">\n<div style=\"height:calc( 0.25 * var(--wp--style--root--padding-right, var(--wp--custom--gap--horizontal)))\" aria-hidden=\"true\" class=\"wp-block-spacer\"><\/div>\n\n\n\n<div class=\"wp-block-columns alignwide are-vertically-aligned-center is-layout-flex wp-container-core-columns-is-layout-5c8fb865 wp-block-columns-is-layout-flex\">\n<div class=\"wp-block-column is-vertically-aligned-center is-layout-flow wp-block-column-is-layout-flow\">\n<h2 class=\"wp-block-heading has-theme-4-color has-text-color has-link-color has-myriad-pro-font-family has-large-font-size wp-elements-8bb56d8b6d39345f68d9e4ad9b32cb5b\">Baja dificultad<\/h2>\n<\/div>\n\n\n\n<div class=\"wp-block-column is-vertically-aligned-center is-layout-flow wp-block-column-is-layout-flow\" style=\"flex-basis:40%\">\n<p class=\"has-text-align-left has-source-serif-pro-font-family has-small-font-size\">Pensada para personas con poca experiencia en la bicicleta pero muchas ganas de disfrutar.<\/p>\n<\/div>\n<\/div>\n\n\n\n<div style=\"height:calc( 0.25 * var(--wp--style--root--padding-right, var(--wp--custom--gap--horizontal)))\" aria-hidden=\"true\" class=\"wp-block-spacer\"><\/div>\n<\/div>\n\n\n\n<div class=\"wp-block-group alignwide is-layout-flow wp-container-core-group-is-layout-b8c3cf4b wp-block-group-is-layout-flow\" style=\"border-top-width:1px\">\n<div style=\"height:calc( 0.25 * var(--wp--style--root--padding-right, var(--wp--custom--gap--horizontal)))\" aria-hidden=\"true\" class=\"wp-block-spacer\"><\/div>\n\n\n\n<div class=\"wp-block-columns alignwide are-vertically-aligned-center is-layout-flex wp-container-core-columns-is-layout-28f84493 wp-block-columns-is-layout-flex\">\n<div class=\"wp-block-column is-vertically-aligned-center is-layout-flow wp-block-column-is-layout-flow\">\n<h2 class=\"wp-block-heading has-theme-4-color has-text-color has-link-color has-myriad-pro-font-family has-large-font-size wp-elements-1cdd1b3aaa4d491f637b2ea56ca1860f\">El entorno<\/h2>\n<\/div>\n\n\n\n<div class=\"wp-block-column is-vertically-aligned-center is-layout-flow wp-block-column-is-layout-flow\" style=\"flex-basis:40%\">\n<p class=\"has-text-align-left has-source-serif-pro-font-family has-small-font-size\">Vamos a visitar los puntos mas emblematicos del Valle de Aran.<\/p>\n<\/div>\n<\/div>\n\n\n\n<div style=\"height:calc( 0.25 * var(--wp--style--root--padding-right, var(--wp--custom--gap--horizontal)))\" aria-hidden=\"true\" class=\"wp-block-spacer\"><\/div>\n<\/div>\n\n\n\n<div class=\"wp-block-group alignwide has-global-padding is-layout-constrained wp-container-core-group-is-layout-7db9d80f wp-block-group-is-layout-constrained\" style=\"border-top-width:1px;padding-right:0;padding-left:0\">\n<div style=\"height:calc( 0.25 * var(--wp--style--root--padding-right, var(--wp--custom--gap--horizontal)))\" aria-hidden=\"true\" class=\"wp-block-spacer\"><\/div>\n\n\n\n<div class=\"wp-block-columns alignwide are-vertically-aligned-center is-layout-flex wp-container-core-columns-is-layout-5c8fb865 wp-block-columns-is-layout-flex\">\n<div class=\"wp-block-column is-vertically-aligned-center is-layout-flow wp-block-column-is-layout-flow\">\n<h2 class=\"wp-block-heading has-theme-4-color has-text-color has-link-color has-myriad-pro-font-family has-large-font-size wp-elements-c609c9107758105ab52643a3c6218292\">Sin prisa<\/h2>\n<\/div>\n\n\n\n<div class=\"wp-block-column is-vertically-aligned-center is-layout-flow wp-block-column-is-layout-flow\" style=\"flex-basis:40%\">\n<p class=\"has-text-align-left has-source-serif-pro-font-family has-small-font-size\">Grupos por niveles, aqui no hay presion, y el guia siempre va a estar a tu servicio.<\/p>\n<\/div>\n<\/div>\n\n\n\n<div style=\"height:calc( 0.25 * var(--wp--style--root--padding-right, var(--wp--custom--gap--horizontal)))\" aria-hidden=\"true\" class=\"wp-block-spacer\"><\/div>\n<\/div>\n\n\n\n<div class=\"wp-block-group alignwide is-layout-flow wp-block-group-is-layout-flow\" style=\"border-top-width:1px\">\n<div style=\"height:calc( 0.25 * var(--wp--style--root--padding-right, var(--wp--custom--gap--horizontal)))\" aria-hidden=\"true\" class=\"wp-block-spacer\"><\/div>\n\n\n\n<div class=\"wp-block-columns alignwide are-vertically-aligned-center is-layout-flex wp-container-core-columns-is-layout-28f84493 wp-block-columns-is-layout-flex\">\n<div class=\"wp-block-column is-vertically-aligned-center is-layout-flow wp-block-column-is-layout-flow\" style=\"border-radius:0px\">\n<div class=\"wp-block-group is-nowrap is-layout-flex wp-container-core-group-is-layout-f66f9956 wp-block-group-is-layout-flex\">\n<h2 class=\"wp-block-heading has-theme-4-color has-text-color has-link-color has-myriad-pro-font-family has-large-font-size wp-elements-cbb137368279667a544fc8206939c204\">Blabla bla<\/h2>\n<\/div>\n<\/div>\n\n\n\n<div class=\"wp-block-column is-vertically-aligned-center is-layout-flow wp-block-column-is-layout-flow\" style=\"flex-basis:40%\">\n<p class=\"has-text-align-left has-source-serif-pro-font-family has-small-font-size\">Cerramos el a\u00f1o 2023 con m\u00e1s de 12 millones de d\u00f3lares en ingresos, lo que nos posiciona como l\u00edder en nuestra industria.<\/p>\n<\/div>\n<\/div>\n\n\n\n<div style=\"height:calc( 0.25 * var(--wp--style--root--padding-right, var(--wp--custom--gap--horizontal)))\" aria-hidden=\"true\" class=\"wp-block-spacer\"><\/div>\n<\/div>\n\n\n\n<div style=\"height:calc( 0.25 * var(--wp--style--root--padding-right, var(--wp--custom--gap--horizontal)))\" aria-hidden=\"true\" class=\"wp-block-spacer\"><\/div>\n<\/div>\n\n\n\n<p class=\"has-text-align-center has-source-serif-pro-font-family has-small-font-size\" style=\"margin-top:0;margin-right:0;margin-bottom:0;margin-left:0;padding-top:0;padding-right:0;padding-bottom:0;padding-left:0\">Es una ruta de nivel accesible pero con car\u00e1cter de alta monta\u00f1a, ideal para quienes buscan una experiencia completa: ascenso progresivo, grandes paisajes y la satisfacci\u00f3n de alcanzar uno de los puntos m\u00e1s altos del valle sobre la bicicleta. Siempre acompa\u00f1ados por nuestros gu\u00edas, que aseguran un ritmo c\u00f3modo y una experiencia segura.<br><\/p>\n<\/div>\n\n\n\n<div class=\"wp-block-buttons is-content-justification-center is-layout-flex wp-container-core-buttons-is-layout-82a0f6dd wp-block-buttons-is-layout-flex\" style=\"margin-top:var(--wp--preset--spacing--50);margin-bottom:var(--wp--preset--spacing--50);padding-top:0;padding-bottom:0\">\n<div class=\"wp-block-button\"><a class=\"wp-block-button__link wp-element-button\" href=\"https:\/\/montbike.es\/index.php\/contacto\/\">RESERVAR<\/a><\/div>\n\n\n\n<div class=\"wp-block-button\"><a class=\"wp-block-button__link wp-element-button\" href=\"https:\/\/montbike.es\/index.php\/contacto\/\">CONTACTENOS<\/a><\/div>\n<\/div>\n","protected":false},"excerpt":{"rendered":"<p>RUTAS GUIADAS \/ CULTURAL \/ VILLAS FLORIDAS Un tiempo positivo. Descubre una de las rutas m\u00e1s emblem\u00e1ticas del Valle de Ar\u00e1n con nuestra salida guiada al Collado de Varrad\u00f2s, la pista m\u00e1s alta del valle y un aut\u00e9ntico balc\u00f3n natural sobre los Pirineos. La aventura comienza atravesando el entorno de Aubert, pedaleando por carreteras y [&hellip;]<\/p>\n","protected":false},"author":1,"featured_media":0,"parent":0,"menu_order":0,"comment_status":"closed","ping_status":"closed","template":"","meta":{"footnotes":""},"class_list":["post-1933","page","type-page","status-publish","hentry"],"_links":{"self":[{"href":"https:\/\/montbike.es\/index.php\/wp-json\/wp\/v2\/pages\/1933","targetHints":{"allow":["GET"]}}],"collection":[{"href":"https:\/\/montbike.es\/index.php\/wp-json\/wp\/v2\/pages"}],"about":[{"href":"https:\/\/montbike.es\/index.php\/wp-json\/wp\/v2\/types\/page"}],"author":[{"embeddable":true,"href":"https:\/\/montbike.es\/index.php\/wp-json\/wp\/v2\/users\/1"}],"replies":[{"embeddable":true,"href":"https:\/\/montbike.es\/index.php\/wp-json\/wp\/v2\/comments?post=1933"}],"version-history":[{"count":5,"href":"https:\/\/montbike.es\/index.php\/wp-json\/wp\/v2\/pages\/1933\/revisions"}],"predecessor-version":[{"id":2473,"href":"https:\/\/montbike.es\/index.php\/wp-json\/wp\/v2\/pages\/1933\/revisions\/2473"}],"wp:attachment":[{"href":"https:\/\/montbike.es\/index.php\/wp-json\/wp\/v2\/media?parent=1933"}],"curies":[{"name":"wp","href":"https:\/\/api.w.org\/{rel}","templated":true}]}}